{"id":12866,"date":"2023-07-06T08:49:17","date_gmt":"2023-07-06T08:49:17","guid":{"rendered":"https:\/\/gbccroatia.org\/izvanredni-clanovi\/"},"modified":"2026-04-13T07:20:49","modified_gmt":"2026-04-13T07:20:49","slug":"associate-members-professionals-students","status":"publish","type":"page","link":"https:\/\/gbccroatia.org\/en\/associate-members-professionals-students\/","title":{"rendered":"Associate members \u2013 professionals &#038; students"},"content":{"rendered":"\t\t<div data-elementor-type=\"wp-page\" data-elementor-id=\"12866\" class=\"elementor elementor-12866 elementor-2907\" data-elementor-post-type=\"page\">\n\t\t\t\t\t\t<section class=\"elementor-section elementor-top-section elementor-element elementor-element-8091c15 elementor-section-boxed elementor-section-height-default elementor-section-height-default\" data-id=\"8091c15\" data-element_type=\"section\">\n\t\t\t\t\t\t<div class=\"elementor-container elementor-column-gap-default\">\n\t\t\t\t\t<div class=\"elementor-column elementor-col-100 elementor-top-column elementor-element elementor-element-24c1e4a\" data-id=\"24c1e4a\" data-element_type=\"column\">\n\t\t\t<div class=\"elementor-widget-wrap elementor-element-populated\">\n\t\t\t\t\t\t<div class=\"elementor-element elementor-element-2fca7c3 elementor-widget elementor-widget-heading\" data-id=\"2fca7c3\" data-element_type=\"widget\" data-widget_type=\"heading.default\">\n\t\t\t\t<div class=\"elementor-widget-container\">\n\t\t\t\t\t<h2 class=\"elementor-heading-title elementor-size-default\">Associate members - Professionals &amp; Students<\/h2>\t\t\t\t<\/div>\n\t\t\t\t<\/div>\n\t\t\t\t<div class=\"elementor-element elementor-element-7c34b3c clanovi-divider elementor-widget-divider--view-line elementor-widget elementor-widget-divider\" data-id=\"7c34b3c\" data-element_type=\"widget\" data-widget_type=\"divider.default\">\n\t\t\t\t<div class=\"elementor-widget-container\">\n\t\t\t\t\t\t\t<div class=\"elementor-divider\">\n\t\t\t<span class=\"elementor-divider-separator\">\n\t\t\t\t\t\t<\/span>\n\t\t<\/div>\n\t\t\t\t\t\t<\/div>\n\t\t\t\t<\/div>\n\t\t\t\t<div class=\"elementor-element elementor-element-5ebfde1 elementor-widget elementor-widget-spacer\" data-id=\"5ebfde1\" data-element_type=\"widget\" data-widget_type=\"spacer.default\">\n\t\t\t\t<div class=\"elementor-widget-container\">\n\t\t\t\t\t\t\t<div class=\"elementor-spacer\">\n\t\t\t<div class=\"elementor-spacer-inner\"><\/div>\n\t\t<\/div>\n\t\t\t\t\t\t<\/div>\n\t\t\t\t<\/div>\n\t\t\t\t<section class=\"elementor-section elementor-inner-section elementor-element elementor-element-bc5a064 elementor-section-full_width izvanredni-clanovi-section-page elementor-section-height-default elementor-section-height-default\" data-id=\"bc5a064\" data-element_type=\"section\">\n\t\t\t\t\t\t<div class=\"elementor-container elementor-column-gap-default\">\n\t\t\t\t\t<div class=\"elementor-column elementor-col-50 elementor-inner-column elementor-element elementor-element-2561d85\" data-id=\"2561d85\" data-element_type=\"column\">\n\t\t\t<div class=\"elementor-widget-wrap elementor-element-populated\">\n\t\t\t\t\t\t<div class=\"elementor-element elementor-element-2c390c5 elementor-widget elementor-widget-text-editor\" data-id=\"2c390c5\" data-element_type=\"widget\" data-widget_type=\"text-editor.default\">\n\t\t\t\t<div class=\"elementor-widget-container\">\n\t\t\t\t\t\t\t\t\t<div class=\"title-izvanredni-slanovi\"><strong>Marija Huzjak, bacc.ing.mech.<\/strong><\/div><p><strong>Address:<\/strong> <a href=\"https:\/\/goo.gl\/maps\/PffpMqGQVKEQCK5R8\">Zinke Kunc 4, 10 360 Sesvete<\/a><\/p><p><strong>Phone:<\/strong> <a href=\"tel:+385911871611\">+385 91 187 1611<\/a><\/p><p><strong>Email: <\/strong><a href=\"mailto:marija.jelcic.huzjak@gmail.com\">marija.jelcic.huzjak@gmail.com<\/a><\/p>\t\t\t\t\t\t\t\t<\/div>\n\t\t\t\t<\/div>\n\t\t\t\t<div class=\"elementor-element elementor-element-caafcc5 elementor-widget elementor-widget-text-editor\" data-id=\"caafcc5\" data-element_type=\"widget\" data-widget_type=\"text-editor.default\">\n\t\t\t\t<div class=\"elementor-widget-container\">\n\t\t\t\t\t\t\t\t\t<div class=\"title-izvanredni-slanovi\"><p><strong>Nata\u0161a Hrsan, dipl.ing.arh.<\/strong><\/p><\/div><p><strong>Address:<\/strong> <a href=\"http:\/\/Torbarova 13, 10000\" data-wplink-url-error=\"true\">Torbarova 13, 10000<\/a><\/p><p><strong>Phone:<\/strong> \u00a0<a href=\"http:\/\/+385992179554\" data-wplink-url-error=\"true\">+385992179554<\/a><\/p><p><strong>Email: <\/strong><a href=\"naravno.nh@gmail.com\">naravno.nh@gmail.com\u00a0<\/a><\/p>\t\t\t\t\t\t\t\t<\/div>\n\t\t\t\t<\/div>\n\t\t\t\t<div class=\"elementor-element elementor-element-fe852e9 elementor-widget elementor-widget-text-editor\" data-id=\"fe852e9\" data-element_type=\"widget\" data-widget_type=\"text-editor.default\">\n\t\t\t\t<div class=\"elementor-widget-container\">\n\t\t\t\t\t\t\t\t\t<div class=\"title-izvanredni-slanovi\"><strong>Damir Butkovi\u0107<\/strong><\/div><p><strong>Address:<\/strong> <a href=\"https:\/\/goo.gl\/maps\/octC8bZR7eK6VBTc9\">Ulica Pavla \u0160toosa 16, 10000 Zagreb <\/a><\/p><p><strong>Phone:<\/strong> <a href=\"tel:+38598234896\">+385 98 234 896<\/a><\/p><p><strong>Email: <\/strong><a href=\"mailto:damir.butkovic@solvers.hr\">damir.butkovic@solvers.hr<\/a><\/p>\t\t\t\t\t\t\t\t<\/div>\n\t\t\t\t<\/div>\n\t\t\t\t<div class=\"elementor-element elementor-element-c95b388 elementor-widget elementor-widget-text-editor\" data-id=\"c95b388\" data-element_type=\"widget\" data-widget_type=\"text-editor.default\">\n\t\t\t\t<div class=\"elementor-widget-container\">\n\t\t\t\t\t\t\t\t\t<div class=\"title-izvanredni-slanovi\"><strong>Marko Zidari\u0107, mag. in\u017e. grad.<\/strong><\/div><p><strong>Address:<\/strong> <a href=\"https:\/\/goo.gl\/maps\/SGwt4hgaQtsjkzAv8\">Radni\u010dka cesta 55, Zagreb, 10000 Zagreb<\/a><\/p><p><strong>Phone:<\/strong> <a href=\"tel:+385913464695\">+385 91 346 4695<\/a><\/p><p><strong>Email: <\/strong><a href=\"mailto:zidaric.marko@gmail.com \">zidaric.marko@gmail.com <\/a><\/p>\t\t\t\t\t\t\t\t<\/div>\n\t\t\t\t<\/div>\n\t\t\t\t<div class=\"elementor-element elementor-element-ae06342 elementor-widget elementor-widget-text-editor\" data-id=\"ae06342\" data-element_type=\"widget\" data-widget_type=\"text-editor.default\">\n\t\t\t\t<div class=\"elementor-widget-container\">\n\t\t\t\t\t\t\t\t\t<div class=\"title-izvanredni-slanovi\"><strong><br \/>Silvije Filipovi\u0107, mag.ing.traff<\/strong><\/div><p><strong>Address:<\/strong> <a href=\"http:\/\/Frinsko-Frankopanska 21, Opuzen\" data-wplink-url-error=\"true\">F<\/a>rinsko-Frankopanska 21, Opuzen\u00a0<\/p><p><strong>Phone:<\/strong>\u00a0<a href=\"http:\/\/+385 91 975 2558\" data-wplink-url-error=\"true\">+385 91 975 2558<\/a><\/p><p><strong>Email: <\/strong><a href=\"mailto:silvije.filipovic@net.hr\">silvije.filipovic@net.hr<\/a><\/p>\t\t\t\t\t\t\t\t<\/div>\n\t\t\t\t<\/div>\n\t\t\t\t<div class=\"elementor-element elementor-element-ec5933d elementor-widget elementor-widget-text-editor\" data-id=\"ec5933d\" data-element_type=\"widget\" data-widget_type=\"text-editor.default\">\n\t\t\t\t<div class=\"elementor-widget-container\">\n\t\t\t\t\t\t\t\t\t<div>\u00a0<\/div><div class=\"title-izvanredni-slanovi\"><strong>Alen \u0106urin, mr. oec., dipl.ing.el.<\/strong><\/div><p><strong>Address:<\/strong> <a href=\"http:\/\/Terzi\u0107eva 7, 21 000 Split\" data-wplink-url-error=\"true\">Terzi\u0107eva 7, 21 000 Split<\/a><\/p><p><strong>Phone:<\/strong> <a href=\"http:\/\/+385 992964677\" data-wplink-url-error=\"true\">+385 992964677<\/a><\/p><p><strong>Email:<\/strong><a href=\"alen.curin@gmail.com\">alen.curin@gmail.com<\/a><\/p>\t\t\t\t\t\t\t\t<\/div>\n\t\t\t\t<\/div>\n\t\t\t\t<div class=\"elementor-element elementor-element-0ea5cb0 elementor-widget elementor-widget-text-editor\" data-id=\"0ea5cb0\" data-element_type=\"widget\" data-widget_type=\"text-editor.default\">\n\t\t\t\t<div class=\"elementor-widget-container\">\n\t\t\t\t\t\t\t\t\t<div>\u00a0<\/div><div class=\"title-izvanredni-slanovi\"><strong><strong>Josip Radi\u010devi\u0107, <\/strong><span style=\"font-size: 20px; color: #474747; font-family: 'Open Sans', sans-serif;\">mag.ing.comp.<\/span><\/strong><\/div><p><strong>Address:<\/strong> <a href=\"http:\/\/Me\u0161trovi\u0107eva 8c, Samobor, 10430\" data-wplink-url-error=\"true\">Me\u0161trovi\u0107eva 8c, Samobor, 10430<\/a><\/p><p><strong>Phone: <\/strong><a href=\"http:\/\/+385 989489153\" data-wplink-url-error=\"true\">+385 989489153<\/a><\/p><p><strong>Email: <\/strong><a href=\"josip.radicevic@skillupp.hr\">josip.radicevic@skillupp.hr<\/a><\/p>\t\t\t\t\t\t\t\t<\/div>\n\t\t\t\t<\/div>\n\t\t\t\t\t<\/div>\n\t\t<\/div>\n\t\t\t\t<div class=\"elementor-column elementor-col-50 elementor-inner-column elementor-element elementor-element-1efd067\" data-id=\"1efd067\" data-element_type=\"column\">\n\t\t\t<div class=\"elementor-widget-wrap elementor-element-populated\">\n\t\t\t\t\t\t<div class=\"elementor-element elementor-element-3a2ed7c elementor-widget elementor-widget-text-editor\" data-id=\"3a2ed7c\" data-element_type=\"widget\" data-widget_type=\"text-editor.default\">\n\t\t\t\t<div class=\"elementor-widget-container\">\n\t\t\t\t\t\t\t\t\t<div class=\"title-izvanredni-slanovi\"><strong>Tatjana Halapija, dipl.ing.arh.<\/strong><\/div><p><strong>Address:<\/strong> <a href=\"https:\/\/goo.gl\/maps\/NCC58FPcF58ZgwFU9\" target=\"_blank\" rel=\"noopener\">Miroslava Vaupoti\u0107a 17, Zagreb<\/a><\/p><p><strong>Phone:<\/strong> <a href=\"tel:+38513736644\">01 373 66 44<\/a><\/p><p><strong>Email: <\/strong><b><\/b><a href=\"mailto:info@nadaprojekt.hr\" target=\"_blank\" rel=\"noopener\">info@nadaprojekt.hr<\/a><\/p>\t\t\t\t\t\t\t\t<\/div>\n\t\t\t\t<\/div>\n\t\t\t\t<div class=\"elementor-element elementor-element-2e23ec4 elementor-widget elementor-widget-text-editor\" data-id=\"2e23ec4\" data-element_type=\"widget\" data-widget_type=\"text-editor.default\">\n\t\t\t\t<div class=\"elementor-widget-container\">\n\t\t\t\t\t\t\t\t\t<div class=\"title-izvanredni-slanovi\"><strong>Len\u010de Kafed\u017eiska, ing.gra\u0111. ovl.energetski certifikator<\/strong><\/div><p><strong>Address:<\/strong> <a href=\"https:\/\/goo.gl\/maps\/8L4eSJLsrzDhxjSy6\" target=\"_blank\" rel=\"noopener\">Cvjetno naselje 1, Velika Gorica<\/a><\/p><p><strong>Phone:<\/strong> <a href=\"tel:+385998627971\">+385 99 862 7971 <\/a><\/p><p><strong>Email: <\/strong><b><\/b><a href=\"mailto:info@nadaprojekt.hr\" target=\"_blank\" rel=\"noopener\">info@nadaprojekt.hr<\/a><\/p>\t\t\t\t\t\t\t\t<\/div>\n\t\t\t\t<\/div>\n\t\t\t\t<div class=\"elementor-element elementor-element-8dfbd30 elementor-widget elementor-widget-text-editor\" data-id=\"8dfbd30\" data-element_type=\"widget\" data-widget_type=\"text-editor.default\">\n\t\t\t\t<div class=\"elementor-widget-container\">\n\t\t\t\t\t\t\t\t\t<div class=\"title-izvanredni-slanovi\"><strong>mr. sc. Tomislav Rastovski<\/strong><\/div><p><strong>Address:<\/strong> <a href=\"https:\/\/goo.gl\/maps\/octC8bZR7eK6VBTc9\" target=\"_blank\" rel=\"noopener\">Ulica Pavla \u0160toosa 16, 10000 Zagreb<\/a><\/p><p><strong>Phone:<\/strong> <a href=\"tel:+38598234896\">+385 98 234 896<\/a><\/p><p><strong>Email: <\/strong><b><\/b><a href=\"mailto:tomislav.rastovski@solvers.hr\" target=\"_blank\" rel=\"noopener\">tomislav.rastovski@solvers.hr<\/a><\/p>\t\t\t\t\t\t\t\t<\/div>\n\t\t\t\t<\/div>\n\t\t\t\t<div class=\"elementor-element elementor-element-7860a27 elementor-widget elementor-widget-text-editor\" data-id=\"7860a27\" data-element_type=\"widget\" data-widget_type=\"text-editor.default\">\n\t\t\t\t<div class=\"elementor-widget-container\">\n\t\t\t\t\t\t\t\t\t<div class=\"title-izvanredni-slanovi\"><strong>Nikola Kara\u0111ole, mag.ing.el<\/strong><\/div><p><strong>Address:<\/strong> <a href=\"https:\/\/goo.gl\/maps\/eAu69xR49KPRmChW9\" target=\"_blank\" rel=\"noopener\">Kumi\u010di\u0107eva 3, 10000 Zagreb<\/a><\/p><p><strong>Phone:<\/strong> <a href=\"tel:+38598468310\">+385 98 468 310<\/a><\/p><p><strong>Email: <\/strong><b><\/b><a href=\"mailto:tomislav.rastovski@solvers.hr\" target=\"_blank\" rel=\"noopener\">tomislav.rastovski@solvers.hr<\/a><\/p>\t\t\t\t\t\t\t\t<\/div>\n\t\t\t\t<\/div>\n\t\t\t\t<div class=\"elementor-element elementor-element-d6f8a24 elementor-widget elementor-widget-text-editor\" data-id=\"d6f8a24\" data-element_type=\"widget\" data-widget_type=\"text-editor.default\">\n\t\t\t\t<div class=\"elementor-widget-container\">\n\t\t\t\t\t\t\t\t\t<div class=\"title-izvanredni-slanovi\"><p><strong>dr.sc. <\/strong><strong>Petra Mesari\u0107<\/strong><strong>, mag.ing.el.tech.inf. <\/strong><\/p><\/div><p><strong>Address:<\/strong> Glavna 25, 40313<\/p><p><strong>Phone:<\/strong> +385 95 8140 654<\/p><p><strong>Email: <\/strong><a href=\"mailto:petra@smartway.com.hr\">petra@smartway.com.hr\u00a0<\/a><\/p>\t\t\t\t\t\t\t\t<\/div>\n\t\t\t\t<\/div>\n\t\t\t\t<div class=\"elementor-element elementor-element-359cf68 elementor-widget elementor-widget-text-editor\" data-id=\"359cf68\" data-element_type=\"widget\" data-widget_type=\"text-editor.default\">\n\t\t\t\t<div class=\"elementor-widget-container\">\n\t\t\t\t\t\t\t\t\t<div style=\"font-style: normal; font-variant-ligatures: normal; font-variant-caps: normal; font-weight: 400; font-size: 16px; font-family: 'Open Sans', sans-serif; color: #7b7b7b;\">\n<div>\n<h2><span style=\"font-style: normal; font-variant-ligatures: normal; font-variant-caps: normal; font-weight: bold; font-size: 20px; font-family: 'Open Sans', sans-serif; color: #474747; letter-spacing: normal;\">Aj\u0161a Tuti\u0107 Kalaf, prvostupnica in\u017eenjerka arhitekture<\/span><\/h2>\n<\/div>\n<p><strong>Address:&nbsp;&nbsp;<\/strong><span style=\"font-family: 'Open Sans', sans-serif; font-size: 16px; font-style: normal; font-variant-ligatures: normal; font-variant-caps: normal; font-weight: 400; letter-spacing: var(--body_letter_spacing); word-spacing: var(--body_word_spacing);\">Marini\u0107i 17A, 51216 Vi\u0161kovo<\/span><\/p>\n<p><strong>Phone:<\/strong> + 385 95 5335 194<\/p>\n<p><strong>Email:&nbsp;<\/strong><a style=\"font-family: inherit; letter-spacing: var(--body_letter_spacing); word-spacing: var(--body_word_spacing);\" href=\"mailto:ajsa_tutic@hotmail.com\" target=\"_blank\" rel=\"noopener\">ajsa_tutic@hotmail.com<\/a><\/p>\n<\/div>\t\t\t\t\t\t\t\t<\/div>\n\t\t\t\t<\/div>\n\t\t\t\t<div class=\"elementor-element elementor-element-b555fe4 elementor-widget elementor-widget-text-editor\" data-id=\"b555fe4\" data-element_type=\"widget\" data-widget_type=\"text-editor.default\">\n\t\t\t\t<div class=\"elementor-widget-container\">\n\t\t\t\t\t\t\t\t\t<div style=\"font-style: normal; font-variant-ligatures: normal; font-variant-caps: normal; font-weight: 400; font-size: 16px; font-family: 'Open Sans', sans-serif; color: #7b7b7b;\"><div>\u00a0<\/div><p><span style=\"color: #474747; font-size: 20px; font-weight: bold;\">Iva \u0160ulina, mag.ing.arch. et urb.<\/span><\/p><\/div><p><strong>Adress: <\/strong><a href=\"http:\/\/Ru\u0111era Bo\u0161kovi\u0107a 20, 51521 Punat\" data-wplink-url-error=\"true\">Ru\u0111era Bo\u0161kovi\u0107a 20, 51521 Punat<\/a><\/p><p><strong>Phone:<\/strong> <a href=\"http:\/\/+ 385 98592098\" data-wplink-url-error=\"true\">+ 385 98592098<\/a><\/p><p><strong>Email: <\/strong><a href=\"iva@projektiva.hr\">iva@projektiva.hr<\/a><\/p>\t\t\t\t\t\t\t\t<\/div>\n\t\t\t\t<\/div>\n\t\t\t\t\t<\/div>\n\t\t<\/div>\n\t\t\t\t\t<\/div>\n\t\t<\/section>\n\t\t\t\t\t<\/div>\n\t\t<\/div>\n\t\t\t\t\t<\/div>\n\t\t<\/section>\n\t\t\t\t<\/div>\n\t\t","protected":false},"excerpt":{"rendered":"<p>Associate members &#8211; Professionals &amp; Students Marija Huzjak, bacc.ing.mech. Address: Zinke Kunc 4, 10 360 Sesvete Phone: +385 91 187 1611 Email: marija.jelcic.huzjak@gmail.com Nata\u0161a Hrsan, dipl.ing.arh. Address: Torbarova 13, 10000 Phone: \u00a0+385992179554 Email: naravno.nh@gmail.com\u00a0 Damir Butkovi\u0107 Address: Ulica Pavla \u0160toosa 16, 10000 Zagreb Phone: +385 98 234 896 Email: damir.butkovic@solvers.hr Marko Zidari\u0107, mag. in\u017e. grad.<a href=\"https:\/\/gbccroatia.org\/en\/associate-members-professionals-students\/\" class=\"more-link\"><span class=\"screen-reader-text\">Associate members \u2013 professionals &#038; students<\/span><\/a><\/p>\n","protected":false},"author":1,"featured_media":0,"parent":0,"menu_order":0,"comment_status":"closed","ping_status":"closed","template":"","meta":{"footnotes":""},"class_list":["post-12866","page","type-page","status-publish","hentry"],"acf":[],"yoast_head":"<!-- This site is optimized with the Yoast SEO plugin v26.3 - https:\/\/yoast.com\/wordpress\/plugins\/seo\/ -->\n<title>Associate members \u2013 professionals &amp; students<\/title>\n<meta name=\"robots\" content=\"index, follow, max-snippet:-1, max-image-preview:large, max-video-preview:-1\" \/>\n<link rel=\"canonical\" href=\"https:\/\/gbccroatia.org\/izvanredni-clanovi\/\" \/>\n<meta property=\"og:locale\" content=\"en_US\" \/>\n<meta property=\"og:type\" content=\"article\" \/>\n<meta property=\"og:title\" content=\"Associate members \u2013 professionals &amp; students\" \/>\n<meta property=\"og:description\" content=\"Associate members &#8211; Professionals &amp; Students Marija Huzjak, bacc.ing.mech. Address: Zinke Kunc 4, 10 360 Sesvete Phone: +385 91 187 1611 Email: marija.jelcic.huzjak@gmail.com Nata\u0161a Hrsan, dipl.ing.arh. Address: Torbarova 13, 10000 Phone: \u00a0+385992179554 Email: naravno.nh@gmail.com\u00a0 Damir Butkovi\u0107 Address: Ulica Pavla \u0160toosa 16, 10000 Zagreb Phone: +385 98 234 896 Email: damir.butkovic@solvers.hr Marko Zidari\u0107, mag. in\u017e. grad.Associate members \u2013 professionals &#038; students\" \/>\n<meta property=\"og:url\" content=\"https:\/\/gbccroatia.org\/izvanredni-clanovi\/\" \/>\n<meta property=\"og:site_name\" content=\"Hrvatski savjet za zelenu gradnju\" \/>\n<meta property=\"article:modified_time\" content=\"2026-04-13T07:20:49+00:00\" \/>\n<meta name=\"twitter:card\" content=\"summary_large_image\" \/>\n<meta name=\"twitter:label1\" content=\"Est. reading time\" \/>\n\t<meta name=\"twitter:data1\" content=\"1 minute\" \/>\n<script type=\"application\/ld+json\" class=\"yoast-schema-graph\">{\"@context\":\"https:\/\/schema.org\",\"@graph\":[{\"@type\":\"WebPage\",\"@id\":\"https:\/\/gbccroatia.org\/izvanredni-clanovi\/\",\"url\":\"https:\/\/gbccroatia.org\/izvanredni-clanovi\/\",\"name\":\"Associate members \u2013 professionals & students\",\"isPartOf\":{\"@id\":\"https:\/\/gbccroatia.org\/#website\"},\"datePublished\":\"2023-07-06T08:49:17+00:00\",\"dateModified\":\"2026-04-13T07:20:49+00:00\",\"breadcrumb\":{\"@id\":\"https:\/\/gbccroatia.org\/izvanredni-clanovi\/#breadcrumb\"},\"inLanguage\":\"en-US\",\"potentialAction\":[{\"@type\":\"ReadAction\",\"target\":[\"https:\/\/gbccroatia.org\/izvanredni-clanovi\/\"]}]},{\"@type\":\"BreadcrumbList\",\"@id\":\"https:\/\/gbccroatia.org\/izvanredni-clanovi\/#breadcrumb\",\"itemListElement\":[{\"@type\":\"ListItem\",\"position\":1,\"name\":\"Po\u010detna stranica\",\"item\":\"https:\/\/gbccroatia.org\/\"},{\"@type\":\"ListItem\",\"position\":2,\"name\":\"Associate members \u2013 professionals &#038; students\"}]},{\"@type\":\"WebSite\",\"@id\":\"https:\/\/gbccroatia.org\/#website\",\"url\":\"https:\/\/gbccroatia.org\/\",\"name\":\"Hrvatski savjet za zelenu gradnju\",\"description\":\"Zelena gradnja u srcu europske budu\u0107nosti\",\"potentialAction\":[{\"@type\":\"SearchAction\",\"target\":{\"@type\":\"EntryPoint\",\"urlTemplate\":\"https:\/\/gbccroatia.org\/?s={search_term_string}\"},\"query-input\":{\"@type\":\"PropertyValueSpecification\",\"valueRequired\":true,\"valueName\":\"search_term_string\"}}],\"inLanguage\":\"en-US\"}]}<\/script>\n<!-- \/ Yoast SEO plugin. -->","yoast_head_json":{"title":"Associate members \u2013 professionals & students","robots":{"index":"index","follow":"follow","max-snippet":"max-snippet:-1","max-image-preview":"max-image-preview:large","max-video-preview":"max-video-preview:-1"},"canonical":"https:\/\/gbccroatia.org\/izvanredni-clanovi\/","og_locale":"en_US","og_type":"article","og_title":"Associate members \u2013 professionals & students","og_description":"Associate members &#8211; Professionals &amp; Students Marija Huzjak, bacc.ing.mech. Address: Zinke Kunc 4, 10 360 Sesvete Phone: +385 91 187 1611 Email: marija.jelcic.huzjak@gmail.com Nata\u0161a Hrsan, dipl.ing.arh. Address: Torbarova 13, 10000 Phone: \u00a0+385992179554 Email: naravno.nh@gmail.com\u00a0 Damir Butkovi\u0107 Address: Ulica Pavla \u0160toosa 16, 10000 Zagreb Phone: +385 98 234 896 Email: damir.butkovic@solvers.hr Marko Zidari\u0107, mag. in\u017e. grad.Associate members \u2013 professionals &#038; students","og_url":"https:\/\/gbccroatia.org\/izvanredni-clanovi\/","og_site_name":"Hrvatski savjet za zelenu gradnju","article_modified_time":"2026-04-13T07:20:49+00:00","twitter_card":"summary_large_image","twitter_misc":{"Est. reading time":"1 minute"},"schema":{"@context":"https:\/\/schema.org","@graph":[{"@type":"WebPage","@id":"https:\/\/gbccroatia.org\/izvanredni-clanovi\/","url":"https:\/\/gbccroatia.org\/izvanredni-clanovi\/","name":"Associate members \u2013 professionals & students","isPartOf":{"@id":"https:\/\/gbccroatia.org\/#website"},"datePublished":"2023-07-06T08:49:17+00:00","dateModified":"2026-04-13T07:20:49+00:00","breadcrumb":{"@id":"https:\/\/gbccroatia.org\/izvanredni-clanovi\/#breadcrumb"},"inLanguage":"en-US","potentialAction":[{"@type":"ReadAction","target":["https:\/\/gbccroatia.org\/izvanredni-clanovi\/"]}]},{"@type":"BreadcrumbList","@id":"https:\/\/gbccroatia.org\/izvanredni-clanovi\/#breadcrumb","itemListElement":[{"@type":"ListItem","position":1,"name":"Po\u010detna stranica","item":"https:\/\/gbccroatia.org\/"},{"@type":"ListItem","position":2,"name":"Associate members \u2013 professionals &#038; students"}]},{"@type":"WebSite","@id":"https:\/\/gbccroatia.org\/#website","url":"https:\/\/gbccroatia.org\/","name":"Hrvatski savjet za zelenu gradnju","description":"Zelena gradnja u srcu europske budu\u0107nosti","potentialAction":[{"@type":"SearchAction","target":{"@type":"EntryPoint","urlTemplate":"https:\/\/gbccroatia.org\/?s={search_term_string}"},"query-input":{"@type":"PropertyValueSpecification","valueRequired":true,"valueName":"search_term_string"}}],"inLanguage":"en-US"}]}},"_links":{"self":[{"href":"https:\/\/gbccroatia.org\/en\/wp-json\/wp\/v2\/pages\/12866","targetHints":{"allow":["GET"]}}],"collection":[{"href":"https:\/\/gbccroatia.org\/en\/wp-json\/wp\/v2\/pages"}],"about":[{"href":"https:\/\/gbccroatia.org\/en\/wp-json\/wp\/v2\/types\/page"}],"author":[{"embeddable":true,"href":"https:\/\/gbccroatia.org\/en\/wp-json\/wp\/v2\/users\/1"}],"replies":[{"embeddable":true,"href":"https:\/\/gbccroatia.org\/en\/wp-json\/wp\/v2\/comments?post=12866"}],"version-history":[{"count":77,"href":"https:\/\/gbccroatia.org\/en\/wp-json\/wp\/v2\/pages\/12866\/revisions"}],"predecessor-version":[{"id":33327,"href":"https:\/\/gbccroatia.org\/en\/wp-json\/wp\/v2\/pages\/12866\/revisions\/33327"}],"wp:attachment":[{"href":"https:\/\/gbccroatia.org\/en\/wp-json\/wp\/v2\/media?parent=12866"}],"curies":[{"name":"wp","href":"https:\/\/api.w.org\/{rel}","templated":true}]}}