{"id":12953,"date":"2023-06-20T11:26:39","date_gmt":"2023-06-20T11:26:39","guid":{"rendered":"https:\/\/gbccroatia.org\/zelene-vijesti\/"},"modified":"2024-04-08T09:18:44","modified_gmt":"2024-04-08T09:18:44","slug":"zelene-vijesti","status":"publish","type":"page","link":"https:\/\/gbccroatia.org\/en\/zelene-vijesti\/","title":{"rendered":"Green news"},"content":{"rendered":"\t\t<div data-elementor-type=\"wp-page\" data-elementor-id=\"12953\" class=\"elementor elementor-12953 elementor-1773\" data-elementor-post-type=\"page\">\n\t\t\t\t\t\t<section class=\"elementor-section elementor-top-section elementor-element elementor-element-f47bc2b elementor-section-height-min-height elementor-section-boxed elementor-section-height-default elementor-section-items-middle\" data-id=\"f47bc2b\" data-element_type=\"section\" data-settings=\"{&quot;background_background&quot;:&quot;classic&quot;}\">\n\t\t\t\t\t\t\t<div class=\"elementor-background-overlay\"><\/div>\n\t\t\t\t\t\t\t<div class=\"elementor-container elementor-column-gap-default\">\n\t\t\t\t\t<div class=\"elementor-column elementor-col-100 elementor-top-column elementor-element elementor-element-56fcdb6\" data-id=\"56fcdb6\" data-element_type=\"column\">\n\t\t\t<div class=\"elementor-widget-wrap elementor-element-populated\">\n\t\t\t\t\t\t<div class=\"elementor-element elementor-element-b537762 elementor-widget elementor-widget-heading\" data-id=\"b537762\" data-element_type=\"widget\" data-widget_type=\"heading.default\">\n\t\t\t\t<div class=\"elementor-widget-container\">\n\t\t\t\t\t<h2 class=\"elementor-heading-title elementor-size-default\">Green news<\/h2>\t\t\t\t<\/div>\n\t\t\t\t<\/div>\n\t\t\t\t\t<\/div>\n\t\t<\/div>\n\t\t\t\t\t<\/div>\n\t\t<\/section>\n\t\t\t\t<section class=\"elementor-section elementor-top-section elementor-element elementor-element-a145c1a elementor-section-boxed elementor-section-height-default elementor-section-height-default\" data-id=\"a145c1a\" data-element_type=\"section\">\n\t\t\t\t\t\t<div class=\"elementor-container elementor-column-gap-default\">\n\t\t\t\t\t<div class=\"elementor-column elementor-col-100 elementor-top-column elementor-element elementor-element-26026b3\" data-id=\"26026b3\" data-element_type=\"column\">\n\t\t\t<div class=\"elementor-widget-wrap elementor-element-populated\">\n\t\t\t\t\t\t<div class=\"elementor-element elementor-element-cc1612e elementor-hidden-tablet elementor-hidden-mobile elementor-widget elementor-widget-spacer\" data-id=\"cc1612e\" data-element_type=\"widget\" data-widget_type=\"spacer.default\">\n\t\t\t\t<div class=\"elementor-widget-container\">\n\t\t\t\t\t\t\t<div class=\"elementor-spacer\">\n\t\t\t<div class=\"elementor-spacer-inner\"><\/div>\n\t\t<\/div>\n\t\t\t\t\t\t<\/div>\n\t\t\t\t<\/div>\n\t\t\t\t<div class=\"elementor-element elementor-element-5426fff animated-slow zelene-vijesti-archive elementor-grid-2 elementor-posts--thumbnail-right elementor-grid-tablet-2 elementor-grid-mobile-1 elementor-invisible elementor-widget elementor-widget-posts\" data-id=\"5426fff\" data-element_type=\"widget\" data-settings=\"{&quot;classic_row_gap&quot;:{&quot;unit&quot;:&quot;px&quot;,&quot;size&quot;:40,&quot;sizes&quot;:[]},&quot;_animation&quot;:&quot;fadeInUp&quot;,&quot;_animation_delay&quot;:250,&quot;classic_columns&quot;:&quot;2&quot;,&quot;pagination_type&quot;:&quot;numbers_and_prev_next&quot;,&quot;classic_columns_tablet&quot;:&quot;2&quot;,&quot;classic_columns_mobile&quot;:&quot;1&quot;,&quot;classic_row_gap_tablet&quot;:{&quot;unit&quot;:&quot;px&quot;,&quot;size&quot;:&quot;&quot;,&quot;sizes&quot;:[]},&quot;classic_row_gap_mobile&quot;:{&quot;unit&quot;:&quot;px&quot;,&quot;size&quot;:&quot;&quot;,&quot;sizes&quot;:[]}}\" data-widget_type=\"posts.classic\">\n\t\t\t\t<div class=\"elementor-widget-container\">\n\t\t\t\t\t\t\t<div class=\"elementor-posts-container elementor-posts elementor-posts--skin-classic elementor-grid\">\n\t\t\t\t<article class=\"elementor-post elementor-grid-item post-33347 post type-post status-publish format-standard has-post-thumbnail hentry category-2026-en\">\n\t\t\t\t<a class=\"elementor-post__thumbnail__link\" href=\"https:\/\/gbccroatia.org\/en\/eu-taksonomija-kao-kljuc-odrzivih-ulaganja-odrzana-gbc-edukacija\/\" tabindex=\"-1\" >\n\t\t\t<div class=\"elementor-post__thumbnail\"><img fetchpriority=\"high\" decoding=\"async\" width=\"2560\" height=\"1280\" src=\"https:\/\/gbccroatia.org\/wp-content\/uploads\/2026\/04\/PREDAVAC-EU-KONZULTANT_4_2026-1-scaled.png\" class=\"attachment-full size-full wp-image-33345\" alt=\"\" srcset=\"https:\/\/gbccroatia.org\/wp-content\/uploads\/2026\/04\/PREDAVAC-EU-KONZULTANT_4_2026-1-scaled.png 2560w, https:\/\/gbccroatia.org\/wp-content\/uploads\/2026\/04\/PREDAVAC-EU-KONZULTANT_4_2026-1-300x150.png 300w, https:\/\/gbccroatia.org\/wp-content\/uploads\/2026\/04\/PREDAVAC-EU-KONZULTANT_4_2026-1-1024x512.png 1024w, https:\/\/gbccroatia.org\/wp-content\/uploads\/2026\/04\/PREDAVAC-EU-KONZULTANT_4_2026-1-768x384.png 768w, https:\/\/gbccroatia.org\/wp-content\/uploads\/2026\/04\/PREDAVAC-EU-KONZULTANT_4_2026-1-1536x768.png 1536w, https:\/\/gbccroatia.org\/wp-content\/uploads\/2026\/04\/PREDAVAC-EU-KONZULTANT_4_2026-1-2048x1024.png 2048w\" sizes=\"(max-width: 2560px) 100vw, 2560px\" \/><\/div>\n\t\t<\/a>\n\t\t\t\t<div class=\"elementor-post__text\">\n\t\t\t\t<h3 class=\"elementor-post__title\">\n\t\t\t<a href=\"https:\/\/gbccroatia.org\/en\/eu-taksonomija-kao-kljuc-odrzivih-ulaganja-odrzana-gbc-edukacija\/\" >\n\t\t\t\tEU Taksonomija kao klju\u010d odr\u017eivih ulaganja \u2013 odr\u017eana GBC edukacija\t\t\t<\/a>\n\t\t<\/h3>\n\t\t\t\t<div class=\"elementor-post__excerpt\">\n\t\t\t<p>U organizaciji Hrvatskog savjeta za zelenu gradnju (GBC Croatia), u srijedu 15. travnja 2026. uspje\u0161no je odr\u017eana online edukacija pod nazivom \u201eKonzultant za EU Taksonomiju\u201c,<\/p>\n\t\t<\/div>\n\t\t\t\t\t<div class=\"elementor-post__read-more-wrapper\">\n\t\t\n\t\t<a class=\"elementor-post__read-more\" href=\"https:\/\/gbccroatia.org\/en\/eu-taksonomija-kao-kljuc-odrzivih-ulaganja-odrzana-gbc-edukacija\/\" aria-label=\"Read more about EU Taksonomija kao klju\u010d odr\u017eivih ulaganja \u2013 odr\u017eana GBC edukacija\" tabindex=\"-1\" >\n\t\t\tSaznajte vi\u0161e\t\t<\/a>\n\n\t\t\t\t\t<\/div>\n\t\t\t\t<\/div>\n\t\t\t\t<\/article>\n\t\t\t\t<article class=\"elementor-post elementor-grid-item post-33300 post type-post status-publish format-standard has-post-thumbnail hentry category-2026-en\">\n\t\t\t\t<a class=\"elementor-post__thumbnail__link\" href=\"https:\/\/gbccroatia.org\/en\/buducnost-ugodnog-stanovanja-bus-inovacije-koje-pokrecu-2026-18-4-2026\/\" tabindex=\"-1\" >\n\t\t\t<div class=\"elementor-post__thumbnail\"><img decoding=\"async\" width=\"1640\" height=\"924\" src=\"https:\/\/gbccroatia.org\/wp-content\/uploads\/2026\/04\/BUS2026-banner.jpeg\" class=\"attachment-full size-full wp-image-33298\" alt=\"\" srcset=\"https:\/\/gbccroatia.org\/wp-content\/uploads\/2026\/04\/BUS2026-banner.jpeg 1640w, https:\/\/gbccroatia.org\/wp-content\/uploads\/2026\/04\/BUS2026-banner-300x169.jpeg 300w, https:\/\/gbccroatia.org\/wp-content\/uploads\/2026\/04\/BUS2026-banner-1024x577.jpeg 1024w, https:\/\/gbccroatia.org\/wp-content\/uploads\/2026\/04\/BUS2026-banner-768x433.jpeg 768w, https:\/\/gbccroatia.org\/wp-content\/uploads\/2026\/04\/BUS2026-banner-1536x865.jpeg 1536w\" sizes=\"(max-width: 1640px) 100vw, 1640px\" \/><\/div>\n\t\t<\/a>\n\t\t\t\t<div class=\"elementor-post__text\">\n\t\t\t\t<h3 class=\"elementor-post__title\">\n\t\t\t<a href=\"https:\/\/gbccroatia.org\/en\/buducnost-ugodnog-stanovanja-bus-inovacije-koje-pokrecu-2026-18-4-2026\/\" >\n\t\t\t\tBudu\u0107nost ugodnog stanovanja \u2013 BUS  &#8211; Inovacije koje pokre\u0107u, 18.4.2026.\t\t\t<\/a>\n\t\t<\/h3>\n\t\t\t\t<div class=\"elementor-post__excerpt\">\n\t\t\t<p>SUPEUS \u2013 Studentska Udruga za Promicanje Energetske U\u010dinkovitosti i Savjetovanje \u2013\u00a0 interdisciplinarna je udruga studenata koja objedinjuje razli\u010dite tehni\u010dke i znanstvene discipline te stru\u010dne izvore,<\/p>\n\t\t<\/div>\n\t\t\t\t\t<div class=\"elementor-post__read-more-wrapper\">\n\t\t\n\t\t<a class=\"elementor-post__read-more\" href=\"https:\/\/gbccroatia.org\/en\/buducnost-ugodnog-stanovanja-bus-inovacije-koje-pokrecu-2026-18-4-2026\/\" aria-label=\"Read more about Budu\u0107nost ugodnog stanovanja \u2013 BUS  &#8211; Inovacije koje pokre\u0107u, 18.4.2026.\" tabindex=\"-1\" >\n\t\t\tSaznajte vi\u0161e\t\t<\/a>\n\n\t\t\t\t\t<\/div>\n\t\t\t\t<\/div>\n\t\t\t\t<\/article>\n\t\t\t\t<article class=\"elementor-post elementor-grid-item post-33218 post type-post status-publish format-standard has-post-thumbnail hentry category-2026-en\">\n\t\t\t\t<a class=\"elementor-post__thumbnail__link\" href=\"https:\/\/gbccroatia.org\/en\/rockwool-webinar-izolacija-kosog-krova-s-vanjske-strane-tehnicka-rjesenja-31-03-2026\/\" tabindex=\"-1\" >\n\t\t\t<div class=\"elementor-post__thumbnail\"><img decoding=\"async\" width=\"1080\" height=\"1350\" src=\"https:\/\/gbccroatia.org\/wp-content\/uploads\/2026\/03\/Webinar-02-26-HR-post.png\" class=\"attachment-full size-full wp-image-33216\" alt=\"\" srcset=\"https:\/\/gbccroatia.org\/wp-content\/uploads\/2026\/03\/Webinar-02-26-HR-post.png 1080w, https:\/\/gbccroatia.org\/wp-content\/uploads\/2026\/03\/Webinar-02-26-HR-post-240x300.png 240w, https:\/\/gbccroatia.org\/wp-content\/uploads\/2026\/03\/Webinar-02-26-HR-post-819x1024.png 819w, https:\/\/gbccroatia.org\/wp-content\/uploads\/2026\/03\/Webinar-02-26-HR-post-768x960.png 768w\" sizes=\"(max-width: 1080px) 100vw, 1080px\" \/><\/div>\n\t\t<\/a>\n\t\t\t\t<div class=\"elementor-post__text\">\n\t\t\t\t<h3 class=\"elementor-post__title\">\n\t\t\t<a href=\"https:\/\/gbccroatia.org\/en\/rockwool-webinar-izolacija-kosog-krova-s-vanjske-strane-tehnicka-rjesenja-31-03-2026\/\" >\n\t\t\t\tROCKWOOL WEBINAR &#8211; Izolacija kosog krova s vanjske strane: tehni\u010dka rje\u0161enja, 31. 03. 2026.\t\t\t<\/a>\n\t\t<\/h3>\n\t\t\t\t<div class=\"elementor-post__excerpt\">\n\t\t\t<p>Kosi krov jo\u0161 je uvijek vrlo popularan i prisutan u gradnji, posebno kada se radi o obiteljskim ku\u0107ama. Ograni\u010denja u gradnji ili rekonstrukciji dovode nas<\/p>\n\t\t<\/div>\n\t\t\t\t\t<div class=\"elementor-post__read-more-wrapper\">\n\t\t\n\t\t<a class=\"elementor-post__read-more\" href=\"https:\/\/gbccroatia.org\/en\/rockwool-webinar-izolacija-kosog-krova-s-vanjske-strane-tehnicka-rjesenja-31-03-2026\/\" aria-label=\"Read more about ROCKWOOL WEBINAR &#8211; Izolacija kosog krova s vanjske strane: tehni\u010dka rje\u0161enja, 31. 03. 2026.\" tabindex=\"-1\" >\n\t\t\tSaznajte vi\u0161e\t\t<\/a>\n\n\t\t\t\t\t<\/div>\n\t\t\t\t<\/div>\n\t\t\t\t<\/article>\n\t\t\t\t<article class=\"elementor-post elementor-grid-item post-33202 post type-post status-publish format-standard has-post-thumbnail hentry category-2026-en\">\n\t\t\t\t<a class=\"elementor-post__thumbnail__link\" href=\"https:\/\/gbccroatia.org\/en\/naprednim-rjesenjima-do-znacajnih-usteda-grundfos-mixit\/\" tabindex=\"-1\" >\n\t\t\t<div class=\"elementor-post__thumbnail\"><img loading=\"lazy\" decoding=\"async\" width=\"2560\" height=\"1440\" src=\"https:\/\/gbccroatia.org\/wp-content\/uploads\/2026\/03\/CBS_SolutionApplicationLevel_MIXITApplication_boilerroom-2-scaled.webp\" class=\"attachment-full size-full wp-image-33200\" alt=\"\" srcset=\"https:\/\/gbccroatia.org\/wp-content\/uploads\/2026\/03\/CBS_SolutionApplicationLevel_MIXITApplication_boilerroom-2-scaled.webp 2560w, https:\/\/gbccroatia.org\/wp-content\/uploads\/2026\/03\/CBS_SolutionApplicationLevel_MIXITApplication_boilerroom-2-300x169.webp 300w, https:\/\/gbccroatia.org\/wp-content\/uploads\/2026\/03\/CBS_SolutionApplicationLevel_MIXITApplication_boilerroom-2-1024x576.webp 1024w, https:\/\/gbccroatia.org\/wp-content\/uploads\/2026\/03\/CBS_SolutionApplicationLevel_MIXITApplication_boilerroom-2-768x432.webp 768w, https:\/\/gbccroatia.org\/wp-content\/uploads\/2026\/03\/CBS_SolutionApplicationLevel_MIXITApplication_boilerroom-2-1536x864.webp 1536w, https:\/\/gbccroatia.org\/wp-content\/uploads\/2026\/03\/CBS_SolutionApplicationLevel_MIXITApplication_boilerroom-2-2048x1152.webp 2048w\" sizes=\"(max-width: 2560px) 100vw, 2560px\" \/><\/div>\n\t\t<\/a>\n\t\t\t\t<div class=\"elementor-post__text\">\n\t\t\t\t<h3 class=\"elementor-post__title\">\n\t\t\t<a href=\"https:\/\/gbccroatia.org\/en\/naprednim-rjesenjima-do-znacajnih-usteda-grundfos-mixit\/\" >\n\t\t\t\tNAPREDNIM RJE\u0160ENJIMA DO ZNA\u010cAJNIH U\u0160TEDA &#8211; Grundfos MIXIT\t\t\t<\/a>\n\t\t<\/h3>\n\t\t\t\t<div class=\"elementor-post__excerpt\">\n\t\t\t<p>Kako pove\u0107ati energetsku u\u010dinkovitost zgrade? Grundfos MIXIT je inovativno rje\u0161enje za hidrauli\u010dke mije\u0161aju\u0107e petlje koje pojednostavljuje pu\u0161tanje u pogon i uravnote\u017eavanje sustava grijanja, hla\u0111enja, ventilacije<\/p>\n\t\t<\/div>\n\t\t\t\t\t<div class=\"elementor-post__read-more-wrapper\">\n\t\t\n\t\t<a class=\"elementor-post__read-more\" href=\"https:\/\/gbccroatia.org\/en\/naprednim-rjesenjima-do-znacajnih-usteda-grundfos-mixit\/\" aria-label=\"Read more about NAPREDNIM RJE\u0160ENJIMA DO ZNA\u010cAJNIH U\u0160TEDA &#8211; Grundfos MIXIT\" tabindex=\"-1\" >\n\t\t\tSaznajte vi\u0161e\t\t<\/a>\n\n\t\t\t\t\t<\/div>\n\t\t\t\t<\/div>\n\t\t\t\t<\/article>\n\t\t\t\t<article class=\"elementor-post elementor-grid-item post-33183 post type-post status-publish format-standard has-post-thumbnail hentry category-2026-en\">\n\t\t\t\t<a class=\"elementor-post__thumbnail__link\" href=\"https:\/\/gbccroatia.org\/en\/buildinglife-industry-report-2025-dekarbonizacija-gradevinske-industrije-rh\/\" tabindex=\"-1\" >\n\t\t\t<div class=\"elementor-post__thumbnail\"><img loading=\"lazy\" decoding=\"async\" width=\"1122\" height=\"774\" src=\"https:\/\/gbccroatia.org\/wp-content\/uploads\/2026\/03\/ind-report-cover.png\" class=\"attachment-full size-full wp-image-33175\" alt=\"\" srcset=\"https:\/\/gbccroatia.org\/wp-content\/uploads\/2026\/03\/ind-report-cover.png 1122w, https:\/\/gbccroatia.org\/wp-content\/uploads\/2026\/03\/ind-report-cover-300x207.png 300w, https:\/\/gbccroatia.org\/wp-content\/uploads\/2026\/03\/ind-report-cover-1024x706.png 1024w, https:\/\/gbccroatia.org\/wp-content\/uploads\/2026\/03\/ind-report-cover-768x530.png 768w\" sizes=\"(max-width: 1122px) 100vw, 1122px\" \/><\/div>\n\t\t<\/a>\n\t\t\t\t<div class=\"elementor-post__text\">\n\t\t\t\t<h3 class=\"elementor-post__title\">\n\t\t\t<a href=\"https:\/\/gbccroatia.org\/en\/buildinglife-industry-report-2025-dekarbonizacija-gradevinske-industrije-rh\/\" >\n\t\t\t\t#BuildingLife Industry Report 2025: Dekarbonizacija gra\u0111evinske industrije RH\t\t\t<\/a>\n\t\t<\/h3>\n\t\t\t\t<div class=\"elementor-post__excerpt\">\n\t\t\t<p>Hrvatski savjet za zelenu gradnju objavio je\u00a0Industry Report \u2013 Dekarbonizacija gra\u0111evinske industrije Hrvatske\u00a0kao pregled zbivanja i saznanja u hrvatskom gra\u0111evinskom sektoru kroz 2025. godinu. Industry<\/p>\n\t\t<\/div>\n\t\t\t\t\t<div class=\"elementor-post__read-more-wrapper\">\n\t\t\n\t\t<a class=\"elementor-post__read-more\" href=\"https:\/\/gbccroatia.org\/en\/buildinglife-industry-report-2025-dekarbonizacija-gradevinske-industrije-rh\/\" aria-label=\"Read more about #BuildingLife Industry Report 2025: Dekarbonizacija gra\u0111evinske industrije RH\" tabindex=\"-1\" >\n\t\t\tSaznajte vi\u0161e\t\t<\/a>\n\n\t\t\t\t\t<\/div>\n\t\t\t\t<\/div>\n\t\t\t\t<\/article>\n\t\t\t\t<article class=\"elementor-post elementor-grid-item post-32787 post type-post status-publish format-standard has-post-thumbnail hentry category-2026-en\">\n\t\t\t\t<a class=\"elementor-post__thumbnail__link\" href=\"https:\/\/gbccroatia.org\/en\/nzeb-2026-energetska-ucinkovitost-i-odrzivost-jucer-danas-sutra-19-2-2026\/\" tabindex=\"-1\" >\n\t\t\t<div class=\"elementor-post__thumbnail\"><img loading=\"lazy\" decoding=\"async\" width=\"2048\" height=\"1078\" src=\"https:\/\/gbccroatia.org\/wp-content\/uploads\/2026\/02\/0-LOGO-nZEB-2026-skup26_1-2048x1078-1.webp\" class=\"attachment-full size-full wp-image-32785\" alt=\"\" srcset=\"https:\/\/gbccroatia.org\/wp-content\/uploads\/2026\/02\/0-LOGO-nZEB-2026-skup26_1-2048x1078-1.webp 2048w, https:\/\/gbccroatia.org\/wp-content\/uploads\/2026\/02\/0-LOGO-nZEB-2026-skup26_1-2048x1078-1-300x158.webp 300w, https:\/\/gbccroatia.org\/wp-content\/uploads\/2026\/02\/0-LOGO-nZEB-2026-skup26_1-2048x1078-1-1024x539.webp 1024w, https:\/\/gbccroatia.org\/wp-content\/uploads\/2026\/02\/0-LOGO-nZEB-2026-skup26_1-2048x1078-1-768x404.webp 768w, https:\/\/gbccroatia.org\/wp-content\/uploads\/2026\/02\/0-LOGO-nZEB-2026-skup26_1-2048x1078-1-1536x809.webp 1536w\" sizes=\"(max-width: 2048px) 100vw, 2048px\" \/><\/div>\n\t\t<\/a>\n\t\t\t\t<div class=\"elementor-post__text\">\n\t\t\t\t<h3 class=\"elementor-post__title\">\n\t\t\t<a href=\"https:\/\/gbccroatia.org\/en\/nzeb-2026-energetska-ucinkovitost-i-odrzivost-jucer-danas-sutra-19-2-2026\/\" >\n\t\t\t\tnZEB 2026 \u2013 Energetska u\u010dinkovitost i odr\u017eivost \/ ju\u010der \u2013 danas \u2013 sutra, 19.2.2026.\t\t\t<\/a>\n\t\t<\/h3>\n\t\t\t\t<div class=\"elementor-post__excerpt\">\n\t\t\t<p>Arhitektonski fakultet Sveu\u010dili\u0161ta u Zagrebu i Klaster za energetsku u\u010dinkovitost i odr\u017eivost u zgradarstvu &#8211; nZEB.hr u sklopu aktivnosti Stru\u010dnog usavr\u0161avanja AF-a pripremaju cjelodnevni stru\u010dni<\/p>\n\t\t<\/div>\n\t\t\t\t\t<div class=\"elementor-post__read-more-wrapper\">\n\t\t\n\t\t<a class=\"elementor-post__read-more\" href=\"https:\/\/gbccroatia.org\/en\/nzeb-2026-energetska-ucinkovitost-i-odrzivost-jucer-danas-sutra-19-2-2026\/\" aria-label=\"Read more about nZEB 2026 \u2013 Energetska u\u010dinkovitost i odr\u017eivost \/ ju\u010der \u2013 danas \u2013 sutra, 19.2.2026.\" tabindex=\"-1\" >\n\t\t\tSaznajte vi\u0161e\t\t<\/a>\n\n\t\t\t\t\t<\/div>\n\t\t\t\t<\/div>\n\t\t\t\t<\/article>\n\t\t\t\t<\/div>\n\t\t\n\t\t\t\t<div class=\"e-load-more-anchor\" data-page=\"1\" data-max-page=\"164\" data-next-page=\"https:\/\/gbccroatia.org\/en\/wp-json\/wp\/v2\/pages\/12953\/page\/2\/\"><\/div>\n\t\t\t\t<nav class=\"elementor-pagination\" aria-label=\"Pagination\">\n\t\t\t<span class=\"page-numbers prev\">&laquo; Prethodni<\/span>\n<span aria-current=\"page\" class=\"page-numbers current\"><span class=\"elementor-screen-only\">Page<\/span>1<\/span>\n<a class=\"page-numbers\" href=\"https:\/\/gbccroatia.org\/en\/wp-json\/wp\/v2\/pages\/12953\/page\/2\/\"><span class=\"elementor-screen-only\">Page<\/span>2<\/a>\n<a class=\"page-numbers\" href=\"https:\/\/gbccroatia.org\/en\/wp-json\/wp\/v2\/pages\/12953\/page\/3\/\"><span class=\"elementor-screen-only\">Page<\/span>3<\/a>\n<span class=\"page-numbers dots\">&hellip;<\/span>\n<a class=\"page-numbers\" href=\"https:\/\/gbccroatia.org\/en\/wp-json\/wp\/v2\/pages\/12953\/page\/164\/\"><span class=\"elementor-screen-only\">Page<\/span>164<\/a>\n<a class=\"page-numbers next\" href=\"https:\/\/gbccroatia.org\/en\/wp-json\/wp\/v2\/pages\/12953\/page\/2\/\">Sljede\u0107i &raquo;<\/a>\t\t<\/nav>\n\t\t\t\t\t\t<\/div>\n\t\t\t\t<\/div>\n\t\t\t\t<div class=\"elementor-element elementor-element-465bb4e elementor-hidden-desktop elementor-hidden-mobile elementor-widget elementor-widget-spacer\" data-id=\"465bb4e\" data-element_type=\"widget\" data-widget_type=\"spacer.default\">\n\t\t\t\t<div class=\"elementor-widget-container\">\n\t\t\t\t\t\t\t<div class=\"elementor-spacer\">\n\t\t\t<div class=\"elementor-spacer-inner\"><\/div>\n\t\t<\/div>\n\t\t\t\t\t\t<\/div>\n\t\t\t\t<\/div>\n\t\t\t\t\t<\/div>\n\t\t<\/div>\n\t\t\t\t\t<\/div>\n\t\t<\/section>\n\t\t\t\t<\/div>\n\t\t","protected":false},"excerpt":{"rendered":"<p>Green news<\/p>\n","protected":false},"author":1,"featured_media":0,"parent":0,"menu_order":0,"comment_status":"closed","ping_status":"closed","template":"","meta":{"footnotes":""},"class_list":["post-12953","page","type-page","status-publish","hentry"],"acf":[],"yoast_head":"<!-- This site is optimized with the Yoast SEO plugin v26.3 - https:\/\/yoast.com\/wordpress\/plugins\/seo\/ -->\n<title>Zelene vijesti<\/title>\n<meta name=\"robots\" content=\"index, follow, max-snippet:-1, max-image-preview:large, max-video-preview:-1\" \/>\n<link rel=\"canonical\" href=\"https:\/\/gbccroatia.org\/en\/zelene-vijesti\/\" \/>\n<meta property=\"og:locale\" content=\"en_US\" \/>\n<meta property=\"og:type\" content=\"article\" \/>\n<meta property=\"og:title\" content=\"Zelene vijesti\" \/>\n<meta property=\"og:description\" content=\"Green news\" \/>\n<meta property=\"og:url\" content=\"https:\/\/gbccroatia.org\/en\/zelene-vijesti\/\" \/>\n<meta property=\"og:site_name\" content=\"Hrvatski savjet za zelenu gradnju\" \/>\n<meta property=\"article:modified_time\" content=\"2024-04-08T09:18:44+00:00\" \/>\n<meta name=\"twitter:card\" content=\"summary_large_image\" \/>\n<meta name=\"twitter:label1\" content=\"Est. reading time\" \/>\n\t<meta name=\"twitter:data1\" content=\"5 minutes\" \/>\n<script type=\"application\/ld+json\" class=\"yoast-schema-graph\">{\"@context\":\"https:\/\/schema.org\",\"@graph\":[{\"@type\":\"WebPage\",\"@id\":\"https:\/\/gbccroatia.org\/en\/zelene-vijesti\/\",\"url\":\"https:\/\/gbccroatia.org\/en\/zelene-vijesti\/\",\"name\":\"Zelene vijesti\",\"isPartOf\":{\"@id\":\"https:\/\/gbccroatia.org\/#website\"},\"datePublished\":\"2023-06-20T11:26:39+00:00\",\"dateModified\":\"2024-04-08T09:18:44+00:00\",\"breadcrumb\":{\"@id\":\"https:\/\/gbccroatia.org\/en\/zelene-vijesti\/#breadcrumb\"},\"inLanguage\":\"en-US\",\"potentialAction\":[{\"@type\":\"ReadAction\",\"target\":[\"https:\/\/gbccroatia.org\/en\/zelene-vijesti\/\"]}]},{\"@type\":\"BreadcrumbList\",\"@id\":\"https:\/\/gbccroatia.org\/en\/zelene-vijesti\/#breadcrumb\",\"itemListElement\":[{\"@type\":\"ListItem\",\"position\":1,\"name\":\"Po\u010detna stranica\",\"item\":\"https:\/\/gbccroatia.org\/\"},{\"@type\":\"ListItem\",\"position\":2,\"name\":\"Green news\"}]},{\"@type\":\"WebSite\",\"@id\":\"https:\/\/gbccroatia.org\/#website\",\"url\":\"https:\/\/gbccroatia.org\/\",\"name\":\"Hrvatski savjet za zelenu gradnju\",\"description\":\"Zelena gradnja u srcu europske budu\u0107nosti\",\"potentialAction\":[{\"@type\":\"SearchAction\",\"target\":{\"@type\":\"EntryPoint\",\"urlTemplate\":\"https:\/\/gbccroatia.org\/?s={search_term_string}\"},\"query-input\":{\"@type\":\"PropertyValueSpecification\",\"valueRequired\":true,\"valueName\":\"search_term_string\"}}],\"inLanguage\":\"en-US\"}]}<\/script>\n<!-- \/ Yoast SEO plugin. -->","yoast_head_json":{"title":"Zelene vijesti","robots":{"index":"index","follow":"follow","max-snippet":"max-snippet:-1","max-image-preview":"max-image-preview:large","max-video-preview":"max-video-preview:-1"},"canonical":"https:\/\/gbccroatia.org\/en\/zelene-vijesti\/","og_locale":"en_US","og_type":"article","og_title":"Zelene vijesti","og_description":"Green news","og_url":"https:\/\/gbccroatia.org\/en\/zelene-vijesti\/","og_site_name":"Hrvatski savjet za zelenu gradnju","article_modified_time":"2024-04-08T09:18:44+00:00","twitter_card":"summary_large_image","twitter_misc":{"Est. reading time":"5 minutes"},"schema":{"@context":"https:\/\/schema.org","@graph":[{"@type":"WebPage","@id":"https:\/\/gbccroatia.org\/en\/zelene-vijesti\/","url":"https:\/\/gbccroatia.org\/en\/zelene-vijesti\/","name":"Zelene vijesti","isPartOf":{"@id":"https:\/\/gbccroatia.org\/#website"},"datePublished":"2023-06-20T11:26:39+00:00","dateModified":"2024-04-08T09:18:44+00:00","breadcrumb":{"@id":"https:\/\/gbccroatia.org\/en\/zelene-vijesti\/#breadcrumb"},"inLanguage":"en-US","potentialAction":[{"@type":"ReadAction","target":["https:\/\/gbccroatia.org\/en\/zelene-vijesti\/"]}]},{"@type":"BreadcrumbList","@id":"https:\/\/gbccroatia.org\/en\/zelene-vijesti\/#breadcrumb","itemListElement":[{"@type":"ListItem","position":1,"name":"Po\u010detna stranica","item":"https:\/\/gbccroatia.org\/"},{"@type":"ListItem","position":2,"name":"Green news"}]},{"@type":"WebSite","@id":"https:\/\/gbccroatia.org\/#website","url":"https:\/\/gbccroatia.org\/","name":"Hrvatski savjet za zelenu gradnju","description":"Zelena gradnja u srcu europske budu\u0107nosti","potentialAction":[{"@type":"SearchAction","target":{"@type":"EntryPoint","urlTemplate":"https:\/\/gbccroatia.org\/?s={search_term_string}"},"query-input":{"@type":"PropertyValueSpecification","valueRequired":true,"valueName":"search_term_string"}}],"inLanguage":"en-US"}]}},"_links":{"self":[{"href":"https:\/\/gbccroatia.org\/en\/wp-json\/wp\/v2\/pages\/12953","targetHints":{"allow":["GET"]}}],"collection":[{"href":"https:\/\/gbccroatia.org\/en\/wp-json\/wp\/v2\/pages"}],"about":[{"href":"https:\/\/gbccroatia.org\/en\/wp-json\/wp\/v2\/types\/page"}],"author":[{"embeddable":true,"href":"https:\/\/gbccroatia.org\/en\/wp-json\/wp\/v2\/users\/1"}],"replies":[{"embeddable":true,"href":"https:\/\/gbccroatia.org\/en\/wp-json\/wp\/v2\/comments?post=12953"}],"version-history":[{"count":20,"href":"https:\/\/gbccroatia.org\/en\/wp-json\/wp\/v2\/pages\/12953\/revisions"}],"predecessor-version":[{"id":24744,"href":"https:\/\/gbccroatia.org\/en\/wp-json\/wp\/v2\/pages\/12953\/revisions\/24744"}],"wp:attachment":[{"href":"https:\/\/gbccroatia.org\/en\/wp-json\/wp\/v2\/media?parent=12953"}],"curies":[{"name":"wp","href":"https:\/\/api.w.org\/{rel}","templated":true}]}}